{"id":1424,"date":"2022-10-28T09:18:18","date_gmt":"2022-10-28T09:18:18","guid":{"rendered":"https:\/\/www.kauppatieteet.fi\/?page_id=1424"},"modified":"2022-11-08T07:51:15","modified_gmt":"2022-11-08T07:51:15","slug":"kakor","status":"publish","type":"page","link":"https:\/\/www.kauppatieteet.fi\/sv\/kakor\/","title":{"rendered":"Kakor (cookies)"},"content":{"rendered":"<p><strong>Registeransvarig<\/strong><\/p>\n<p>Webbplatsen kauppatieteet.fi uppr\u00e4tth\u00e5lls av den gemensamma antagningen till ekonomiutbildning som best\u00e5r av Aalto-universitetet, \u00d6stra Finlands universitet, Jyv\u00e4skyl\u00e4 universitet, Villmanstrand-Lahtis tekniska universitet LUT, Ule\u00e5borgs universitet, Svenska Handelsh\u00f6gskolan, Tammerfors universitet, \u00c5bo universitet, Vasa universitet och \u00c5bo Akademi.<\/p>\n<p>Kontaktperson:<br \/>\nSanna Piesanen<br \/>\n<a href=\"mailto:kauppatieteet.yhteisvalinta@uef.fi\">kauppatieteet.yhteisvalinta@uef.fi<\/a><\/p>\n<p>&nbsp;<\/p>\n<p><strong>Syfte med behandlingen av personuppgifter<\/strong><\/p>\n<p>P\u00e5 sidan f\u00f6r den gemensamma antagningen hanteras namn och kontaktuppgifter f\u00f6r kontaktpersonens del. P\u00e5 sidan f\u00f6r den gemensamma antagningen till ekonomiutbildning hanteras inte studerandes personuppgifter utan de hanteras vid de universitet som h\u00f6r till \u00e4mnesomr\u00e5dets gemensamma antagning. De universitet som h\u00f6r till den gemensamma antagningen f\u00f6ljer dataskyddsmeddelanden f\u00f6r respektive universitet. Dataskyddsmeddelandena kan ses p\u00e5 universitetens webbsidor.<\/p>\n<p><strong>\u00a0<\/strong><\/p>\n<p><strong>Kakor (cookies)<\/strong><\/p>\n<p>N\u00e4r du bes\u00f6ker n\u00e5gon av v\u00e5ra webbplatser lagrar v\u00e5r sida kakor allts\u00e5 sm\u00e5 textfiler till din terminal.<\/p>\n<p>Alla kakor som anv\u00e4nds p\u00e5 webbplatsen\u00a0<a href=\"https:\/\/www.kauppatieteet.fi\/sv\/\">https:\/\/www.kauppatieteet.fi\/sv\/<\/a>\u00a0\u00e4r tekniska och m\u00f6jligg\u00f6r webbplatsens funktionalitet och hj\u00e4lper oss att erbjuda dig b\u00e4ttre tj\u00e4nster. Med hj\u00e4lp av kakorna kommer n\u00e4tsidan till exempel ih\u00e5g p\u00e5 vilket spr\u00e5k du vill anv\u00e4nda v\u00e5r sida. Anv\u00e4ndaren kan f\u00f6rhindra anv\u00e4ndningen av kakor i webbl\u00e4saren, men det kan f\u00f6rhindra systemet fr\u00e5n att fungera korrekt.<\/p>\n","protected":false},"excerpt":{"rendered":"<p>Registeransvarig Webbplatsen kauppatieteet.fi uppr\u00e4tth\u00e5lls av den gemensamma antagningen till ekonomiutbildning som best\u00e5r av Aalto-universitetet, \u00d6stra Finlands universitet, Jyv\u00e4skyl\u00e4 universitet, Villmanstrand-Lahtis tekniska universitet LUT, Ule\u00e5borgs universitet, Svenska Handelsh\u00f6gskolan, Tammerfors universitet, \u00c5bo universitet, Vasa universitet och \u00c5bo Akademi. Kontaktperson: Sanna Piesanen kauppatieteet.yhteisvalinta@uef.fi &nbsp; Syfte med behandlingen av personuppgifter P\u00e5 sidan f\u00f6r den gemensamma antagningen hanteras namn och&#8230;<\/p>\n","protected":false},"author":4,"featured_media":542,"parent":0,"menu_order":300,"comment_status":"closed","ping_status":"closed","template":"","meta":{"footnotes":""},"class_list":["post-1424","page","type-page","status-publish","has-post-thumbnail","hentry"],"yoast_head":"<!-- This site is optimized with the Yoast SEO plugin v26.0 - https:\/\/yoast.com\/wordpress\/plugins\/seo\/ -->\n<title>Kakor (cookies) - Kauppatieteellisen alan valintayhteisty\u00f6<\/title>\n<meta name=\"robots\" content=\"index, follow, max-snippet:-1, max-image-preview:large, max-video-preview:-1\" \/>\n<link rel=\"canonical\" href=\"https:\/\/www.kauppatieteet.fi\/sv\/kakor\/\" \/>\n<meta property=\"og:locale\" content=\"sv_SE\" \/>\n<meta property=\"og:type\" content=\"article\" \/>\n<meta property=\"og:title\" content=\"Kakor (cookies) - Kauppatieteellisen alan valintayhteisty\u00f6\" \/>\n<meta property=\"og:description\" content=\"Registeransvarig Webbplatsen kauppatieteet.fi uppr\u00e4tth\u00e5lls av den gemensamma antagningen till ekonomiutbildning som best\u00e5r av Aalto-universitetet, \u00d6stra Finlands universitet, Jyv\u00e4skyl\u00e4 universitet, Villmanstrand-Lahtis tekniska universitet LUT, Ule\u00e5borgs universitet, Svenska Handelsh\u00f6gskolan, Tammerfors universitet, \u00c5bo universitet, Vasa universitet och \u00c5bo Akademi. Kontaktperson: Sanna Piesanen kauppatieteet.yhteisvalinta@uef.fi &nbsp; Syfte med behandlingen av personuppgifter P\u00e5 sidan f\u00f6r den gemensamma antagningen hanteras namn och...\" \/>\n<meta property=\"og:url\" content=\"https:\/\/www.kauppatieteet.fi\/sv\/kakor\/\" \/>\n<meta property=\"og:site_name\" content=\"Kauppatieteellisen alan valintayhteisty\u00f6\" \/>\n<meta property=\"article:modified_time\" content=\"2022-11-08T07:51:15+00:00\" \/>\n<meta property=\"og:image\" content=\"https:\/\/www.kauppatieteet.fi\/wp-content\/uploads\/kauppatieteet-yhteishaku.jpg\" \/>\n\t<meta property=\"og:image:width\" content=\"1920\" \/>\n\t<meta property=\"og:image:height\" content=\"1080\" \/>\n\t<meta property=\"og:image:type\" content=\"image\/jpeg\" \/>\n<meta name=\"twitter:card\" content=\"summary_large_image\" \/>\n<meta name=\"twitter:label1\" content=\"Ber\u00e4knad l\u00e4stid\" \/>\n\t<meta name=\"twitter:data1\" content=\"2 minuter\" \/>\n<script type=\"application\/ld+json\" class=\"yoast-schema-graph\">{\"@context\":\"https:\/\/schema.org\",\"@graph\":[{\"@type\":\"WebPage\",\"@id\":\"https:\/\/www.kauppatieteet.fi\/sv\/kakor\/\",\"url\":\"https:\/\/www.kauppatieteet.fi\/sv\/kakor\/\",\"name\":\"Kakor (cookies) - Kauppatieteellisen alan valintayhteisty\u00f6\",\"isPartOf\":{\"@id\":\"https:\/\/www.kauppatieteet.fi\/#website\"},\"primaryImageOfPage\":{\"@id\":\"https:\/\/www.kauppatieteet.fi\/sv\/kakor\/#primaryimage\"},\"image\":{\"@id\":\"https:\/\/www.kauppatieteet.fi\/sv\/kakor\/#primaryimage\"},\"thumbnailUrl\":\"https:\/\/www.kauppatieteet.fi\/wp-content\/uploads\/kauppatieteet-yhteishaku.jpg\",\"datePublished\":\"2022-10-28T09:18:18+00:00\",\"dateModified\":\"2022-11-08T07:51:15+00:00\",\"breadcrumb\":{\"@id\":\"https:\/\/www.kauppatieteet.fi\/sv\/kakor\/#breadcrumb\"},\"inLanguage\":\"sv-SE\",\"potentialAction\":[{\"@type\":\"ReadAction\",\"target\":[\"https:\/\/www.kauppatieteet.fi\/sv\/kakor\/\"]}]},{\"@type\":\"ImageObject\",\"inLanguage\":\"sv-SE\",\"@id\":\"https:\/\/www.kauppatieteet.fi\/sv\/kakor\/#primaryimage\",\"url\":\"https:\/\/www.kauppatieteet.fi\/wp-content\/uploads\/kauppatieteet-yhteishaku.jpg\",\"contentUrl\":\"https:\/\/www.kauppatieteet.fi\/wp-content\/uploads\/kauppatieteet-yhteishaku.jpg\",\"width\":1920,\"height\":1080},{\"@type\":\"BreadcrumbList\",\"@id\":\"https:\/\/www.kauppatieteet.fi\/sv\/kakor\/#breadcrumb\",\"itemListElement\":[{\"@type\":\"ListItem\",\"position\":1,\"name\":\"Home\",\"item\":\"https:\/\/www.kauppatieteet.fi\/sv\/\"},{\"@type\":\"ListItem\",\"position\":2,\"name\":\"Kakor (cookies)\"}]},{\"@type\":\"WebSite\",\"@id\":\"https:\/\/www.kauppatieteet.fi\/#website\",\"url\":\"https:\/\/www.kauppatieteet.fi\/\",\"name\":\"Kauppatieteellisen alan valintayhteisty\u00f6\",\"description\":\"Opiskelijaksi kauppatieteelliselle alalle\",\"potentialAction\":[{\"@type\":\"SearchAction\",\"target\":{\"@type\":\"EntryPoint\",\"urlTemplate\":\"https:\/\/www.kauppatieteet.fi\/?s={search_term_string}\"},\"query-input\":{\"@type\":\"PropertyValueSpecification\",\"valueRequired\":true,\"valueName\":\"search_term_string\"}}],\"inLanguage\":\"sv-SE\"}]}<\/script>\n<!-- \/ Yoast SEO plugin. -->","yoast_head_json":{"title":"Kakor (cookies) - Kauppatieteellisen alan valintayhteisty\u00f6","robots":{"index":"index","follow":"follow","max-snippet":"max-snippet:-1","max-image-preview":"max-image-preview:large","max-video-preview":"max-video-preview:-1"},"canonical":"https:\/\/www.kauppatieteet.fi\/sv\/kakor\/","og_locale":"sv_SE","og_type":"article","og_title":"Kakor (cookies) - Kauppatieteellisen alan valintayhteisty\u00f6","og_description":"Registeransvarig Webbplatsen kauppatieteet.fi uppr\u00e4tth\u00e5lls av den gemensamma antagningen till ekonomiutbildning som best\u00e5r av Aalto-universitetet, \u00d6stra Finlands universitet, Jyv\u00e4skyl\u00e4 universitet, Villmanstrand-Lahtis tekniska universitet LUT, Ule\u00e5borgs universitet, Svenska Handelsh\u00f6gskolan, Tammerfors universitet, \u00c5bo universitet, Vasa universitet och \u00c5bo Akademi. Kontaktperson: Sanna Piesanen kauppatieteet.yhteisvalinta@uef.fi &nbsp; Syfte med behandlingen av personuppgifter P\u00e5 sidan f\u00f6r den gemensamma antagningen hanteras namn och...","og_url":"https:\/\/www.kauppatieteet.fi\/sv\/kakor\/","og_site_name":"Kauppatieteellisen alan valintayhteisty\u00f6","article_modified_time":"2022-11-08T07:51:15+00:00","og_image":[{"width":1920,"height":1080,"url":"https:\/\/www.kauppatieteet.fi\/wp-content\/uploads\/kauppatieteet-yhteishaku.jpg","type":"image\/jpeg"}],"twitter_card":"summary_large_image","twitter_misc":{"Ber\u00e4knad l\u00e4stid":"2 minuter"},"schema":{"@context":"https:\/\/schema.org","@graph":[{"@type":"WebPage","@id":"https:\/\/www.kauppatieteet.fi\/sv\/kakor\/","url":"https:\/\/www.kauppatieteet.fi\/sv\/kakor\/","name":"Kakor (cookies) - Kauppatieteellisen alan valintayhteisty\u00f6","isPartOf":{"@id":"https:\/\/www.kauppatieteet.fi\/#website"},"primaryImageOfPage":{"@id":"https:\/\/www.kauppatieteet.fi\/sv\/kakor\/#primaryimage"},"image":{"@id":"https:\/\/www.kauppatieteet.fi\/sv\/kakor\/#primaryimage"},"thumbnailUrl":"https:\/\/www.kauppatieteet.fi\/wp-content\/uploads\/kauppatieteet-yhteishaku.jpg","datePublished":"2022-10-28T09:18:18+00:00","dateModified":"2022-11-08T07:51:15+00:00","breadcrumb":{"@id":"https:\/\/www.kauppatieteet.fi\/sv\/kakor\/#breadcrumb"},"inLanguage":"sv-SE","potentialAction":[{"@type":"ReadAction","target":["https:\/\/www.kauppatieteet.fi\/sv\/kakor\/"]}]},{"@type":"ImageObject","inLanguage":"sv-SE","@id":"https:\/\/www.kauppatieteet.fi\/sv\/kakor\/#primaryimage","url":"https:\/\/www.kauppatieteet.fi\/wp-content\/uploads\/kauppatieteet-yhteishaku.jpg","contentUrl":"https:\/\/www.kauppatieteet.fi\/wp-content\/uploads\/kauppatieteet-yhteishaku.jpg","width":1920,"height":1080},{"@type":"BreadcrumbList","@id":"https:\/\/www.kauppatieteet.fi\/sv\/kakor\/#breadcrumb","itemListElement":[{"@type":"ListItem","position":1,"name":"Home","item":"https:\/\/www.kauppatieteet.fi\/sv\/"},{"@type":"ListItem","position":2,"name":"Kakor (cookies)"}]},{"@type":"WebSite","@id":"https:\/\/www.kauppatieteet.fi\/#website","url":"https:\/\/www.kauppatieteet.fi\/","name":"Kauppatieteellisen alan valintayhteisty\u00f6","description":"Opiskelijaksi kauppatieteelliselle alalle","potentialAction":[{"@type":"SearchAction","target":{"@type":"EntryPoint","urlTemplate":"https:\/\/www.kauppatieteet.fi\/?s={search_term_string}"},"query-input":{"@type":"PropertyValueSpecification","valueRequired":true,"valueName":"search_term_string"}}],"inLanguage":"sv-SE"}]}},"_links":{"self":[{"href":"https:\/\/www.kauppatieteet.fi\/sv\/wp-json\/wp\/v2\/pages\/1424","targetHints":{"allow":["GET"]}}],"collection":[{"href":"https:\/\/www.kauppatieteet.fi\/sv\/wp-json\/wp\/v2\/pages"}],"about":[{"href":"https:\/\/www.kauppatieteet.fi\/sv\/wp-json\/wp\/v2\/types\/page"}],"author":[{"embeddable":true,"href":"https:\/\/www.kauppatieteet.fi\/sv\/wp-json\/wp\/v2\/users\/4"}],"replies":[{"embeddable":true,"href":"https:\/\/www.kauppatieteet.fi\/sv\/wp-json\/wp\/v2\/comments?post=1424"}],"version-history":[{"count":5,"href":"https:\/\/www.kauppatieteet.fi\/sv\/wp-json\/wp\/v2\/pages\/1424\/revisions"}],"predecessor-version":[{"id":1437,"href":"https:\/\/www.kauppatieteet.fi\/sv\/wp-json\/wp\/v2\/pages\/1424\/revisions\/1437"}],"wp:featuredmedia":[{"embeddable":true,"href":"https:\/\/www.kauppatieteet.fi\/sv\/wp-json\/wp\/v2\/media\/542"}],"wp:attachment":[{"href":"https:\/\/www.kauppatieteet.fi\/sv\/wp-json\/wp\/v2\/media?parent=1424"}],"curies":[{"name":"wp","href":"https:\/\/api.w.org\/{rel}","templated":true}]}}