{"id":627,"date":"2020-11-01T12:59:33","date_gmt":"2020-11-01T12:59:33","guid":{"rendered":"http:\/\/www.kauppatieteet.fi\/ansok\/hakuohjeet\/"},"modified":"2025-11-20T08:11:27","modified_gmt":"2025-11-20T08:11:27","slug":"anvisningar-for-ansokan","status":"publish","type":"page","link":"https:\/\/www.kauppatieteet.fi\/sv\/ansok\/anvisningar-for-ansokan\/","title":{"rendered":"Anvisningar f\u00f6r ans\u00f6kan"},"content":{"rendered":"<section class=\"l-section wpb_row height_medium\"><div class=\"l-section-h i-cf\"><div class=\"g-cols vc_row via_flex valign_top type_default stacking_default\"><div class=\"vc_col-sm-2 vc_hidden-sm vc_hidden-xs wpb_column vc_column_container\"><div class=\"vc_column-inner\"><div class=\"wpb_wrapper\"><\/div><\/div><\/div><div class=\"vc_col-sm-12 vc_col-lg-8 vc_col-md-8 wpb_column vc_column_container\"><div class=\"vc_column-inner\"><div class=\"wpb_wrapper\">[vc_custom_heading text=&#8221;Anvisningar f\u00f6r ans\u00f6kan&#8221; font_container=&#8221;tag:h1|text_align:left&#8221; use_theme_fonts=&#8221;yes&#8221;]<div class=\"wpb_text_column\"><div class=\"wpb_wrapper\"><p><strong>Ans\u00f6kningen till alla h\u00f6gskoleutbildningar sker genom den nationella gemensamma ans\u00f6kan i <a href=\"https:\/\/opintopolku.fi\/konfo\/sv\/\">Studieinfo<\/a><\/strong>.<\/p>\n<p>Med det antagningssamarbete i ekonomi avses de ans\u00f6kningsm\u00e5l som ing\u00e5r i det antagningssamarbete samt anv\u00e4nder sig av samma urvalskriterier och urvalsprov.<\/p>\n<\/div><\/div><div class=\"w-separator size_small\"><\/div><div class=\"w-actionbox color_primary controls_bottom\"><div class=\"w-actionbox-text\"><h3 class=\"w-actionbox-title\">Ans\u00f6kningstiden \u00e4r 10.3.2026 kl 8.00 \u2013 24.3.2026 kl 15.00<\/h3><\/div><div class=\"w-actionbox-controls\"><a class=\"w-btn us-btn-style_2\" href=\"https:\/\/opintopolku.fi\/konfo\/sv\/koulutus\/1.2.246.562.13.00000000000000001004\"><span class=\"w-btn-label\">Fyll i ans\u00f6kningsblanketten<\/span><\/a><\/div><\/div><div class=\"w-separator size_small\"><\/div><div class=\"wpb_text_column\"><div class=\"wpb_wrapper\"><p>Om en s\u00f6kande i betygsantagningen inte antas till ans\u00f6kningsm\u00e5let som hen prioriterat h\u00f6gst inom det antagningssamarbete\u00a0i ekonomi, kan den s\u00f6kande delta i urvalsprovet. Urvalsordningen avg\u00f6rs av provpo\u00e4ngen.<\/p>\n<p><strong>Den s\u00f6kande ska g\u00f6ra en bindande anm\u00e4lan till urvalsprovet i Studieinfo-tj\u00e4nsten.\u00a0<\/strong><\/p>\n<\/div><\/div><\/div><\/div><\/div><div class=\"vc_col-sm-2 vc_hidden-sm vc_hidden-xs wpb_column vc_column_container\"><div class=\"vc_column-inner\"><div class=\"wpb_wrapper\"><\/div><\/div><\/div><\/div><\/div><\/section><section class=\"l-section wpb_row height_medium color_alternate\" id=\"ansokningsblankett\"><div class=\"l-section-h i-cf\"><div class=\"g-cols vc_row via_flex valign_top type_default stacking_default\"><div class=\"vc_col-sm-2 vc_hidden-sm vc_hidden-xs wpb_column vc_column_container\"><div class=\"vc_column-inner\"><div class=\"wpb_wrapper\"><\/div><\/div><\/div><div class=\"vc_col-sm-12 vc_col-lg-8 vc_col-md-8 wpb_column vc_column_container\"><div class=\"vc_column-inner\"><div class=\"wpb_wrapper\">[vc_custom_heading text=&#8221;S\u00e5 h\u00e4r fyller du i och l\u00e4mnar in din ans\u00f6kan&#8221; use_theme_fonts=&#8221;yes&#8221;]<div class=\"wpb_text_column\"><div class=\"wpb_wrapper\"><p>I den gemensamma ans\u00f6kan till h\u00f6gskolorna kan du ans\u00f6ka till h\u00f6gst sex ans\u00f6kningsm\u00e5l. Alla dessa kan vara ans\u00f6kningsm\u00e5l som ing\u00e5r i det antagningssamarbete i ekonomi. Du kan placera utbildningarna inom det antagningssamarbete i ekonomi i den ordning du vill.<\/p>\n<p>Antalet utbildningar som anges p\u00e5 ans\u00f6kningsblanketten och deras inb\u00f6rdes ordning \u00e4r bindande. De kan inte \u00e4ndras efter att ans\u00f6kningstiden har l\u00f6pt ut. L\u00e4s igenom anvisningarna f\u00f6r ifyllande av blanketten samt informationen om urvalsf\u00f6rfarandet och reservplatserna innan du fyller i ans\u00f6kningsblanketten. <strong>Ans\u00f6kningstiden g\u00e5r ut 24.3.2026 kl 15.00.<\/strong> Mer information om hur du fyller i ans\u00f6kningsblanketten finns i <a href=\"https:\/\/opintopolku.fi\/konfo\/sv\/sivu\/sa-har-fyller-du-i-ansokningsblanketten-i-gemensam-ansokan-till-hogskolor\" rel=\"noopener\">Studieinfo \u2013 S\u00e5 h\u00e4r fyller du i ans\u00f6kningsblanketten<\/a>.<\/p>\n<\/div><\/div><div class=\"w-separator size_small with_line width_default thick_1 style_solid color_border align_center\" id=\"bilagor\"><div class=\"w-separator-h\"><\/div><\/div>[vc_custom_heading text=&#8221;Bilagor&#8221; font_container=&#8221;tag:h3|text_align:left&#8221; use_theme_fonts=&#8221;yes&#8221;]<div class=\"wpb_text_column\"><div class=\"wpb_wrapper\"><p><strong>Finl\u00e4ndsk\u00a0studentexamen<\/strong><\/p>\n<ul>\n<li>Om du har avlagt studentexamen \u00e5r 1990 eller senare, beh\u00f6ver du inte l\u00e4mna in en kopia p\u00e5 ditt studentexamensbetyg.<\/li>\n<li>Om du har avlagt studentexamen \u00e5r 1989 eller tidigare, ladda upp en kopia p\u00e5 ditt studentexamensbetyg p\u00e5 ans\u00f6kningsformul\u00e4ret.<\/li>\n<\/ul>\n<p><strong>Yrkesinriktad grundexamen, yrkesexamen eller specialyrkesexamen<\/strong><\/p>\n<ul>\n<li>Om du har avlagt din examen f\u00f6re v\u00e5ren 2018 ladda upp en kopia p\u00e5 examensbetyget senast den <span>31.3.2026 kl 15.00<\/span>.<\/li>\n<li>Om du har avlagt din yrkesinriktad grundexamen p\u00e5 \u00c5land, ladda upp en kopia p\u00e5 examensbetyget senast den <span>31.3.2026 kl 15.00<\/span><\/li>\n<\/ul>\n<p><strong>Obs!<\/strong> Om du har avlagt din examen \u00e5r 2018 eller senare, beh\u00f6ver du inte leverera en kopia p\u00e5 examensbetyget. Vi f\u00e5r upplysningar om din examen direkt via det elektroniska ans\u00f6kningssystemet.<\/p>\n<ul>\n<li>Om du avl\u00e4gger din examen under ans\u00f6kningsv\u00e5ren, ska du bli utexaminerad senast den 12.6.2026 d\u00e5 ocks\u00e5 examensinformation skall vara tillhanda i KOSKI-service. Alternativt kan du ladda upp en kopia av examensbetyget i ans\u00f6kningsformul\u00e4ret senast 12.6.2026 kl. 15.00.<\/li>\n<\/ul>\n<p><strong>IB-examen<\/strong><\/p>\n<ul>\n<li>Om du har avlagt IB-examen f\u00f6re v\u00e5r 2026, ladda upp en kopia p\u00e5 din IB-diploma i ans\u00f6kningsformul\u00e4ret.<\/li>\n<li>Om du avl\u00e4gger IB-examen under ans\u00f6kningsv\u00e5ren, ladda upp predicted grades \u2013utl\u00e5tande p\u00e5 ans\u00f6kningsformul\u00e4ret senast den <span>31.3.2026<\/span> kl. 15.00. De slutliga vitsorden ska levereras senast den <span>9.7.2026<\/span> kl. 15.00. <strong>OBS!<\/strong> <em>S\u00f6kande som avl\u00e4gger IB-examen ska best\u00e4lla ett Transcript of Grades fr\u00e5n IBO och beg\u00e4ra att det skickas till <strong>\u00d6stra Finlands universitet (University of Eastern Finland) senast den <span>9.7.2026 kl. 15.00<\/span><\/strong>\u00a0(\u00e4ven om du inte har ans\u00f6kt till \u00d6stra Finlands universitet). \u00d6stra Finlands universitet f\u00e5r de slutgiltiga vitsorden elektroniskt fr\u00e5n IBO n\u00e4r resultaten har fastst\u00e4llts. Mer information: <\/em><em><a href=\"https:\/\/www.ibo.org\/programmes\/diploma-programme\/assessment-and-exams\/requesting-transcripts\/\" target=\"_blank\" rel=\"noopener\">ibo.org<\/a><\/em><\/li>\n<\/ul>\n<p><strong>EB-examen<\/strong><\/p>\n<ul>\n<li>Om du har avlagt EB-examen f\u00f6re v\u00e5ren 2026, ladda upp en kopia p\u00e5 ditt examensbetyg senast den <span>31.3.2026<\/span> kl. 15.00 i ans\u00f6kningsformul\u00e4ret.<\/li>\n<li>Om du avl\u00e4gger EB-examen under ans\u00f6kningsv\u00e5ren, ladda upp anm\u00e4lan \u00f6ver prelimin\u00e4ra vitsord p\u00e5 ans\u00f6kningsformul\u00e4ret senast den <span>31.3.2026<\/span> kl. 15.00 och slutgiltiga vitsorden ska levereras senast den <span>9.7.2026<\/span> kl. 15.00.<\/li>\n<\/ul>\n<p><strong>DIA-\/RP-examen<\/strong><\/p>\n<ul>\n<li>Om du har avlagt DIA-\/RP-examen f\u00f6re v\u00e5ren 2026, ladda upp en kopia p\u00e5 ditt examensbetyg samt bilagor och de slutliga vitsorden senast den <span>31.3.2026<\/span> kl. 15.00 p\u00e5 ans\u00f6kningsformul\u00e4ret.<\/li>\n<li>Om du avl\u00e4gger DIA-\/RP-examen under ans\u00f6kningsv\u00e5ren, ladda upp en kopia p\u00e5 slutliga vitsorden p\u00e5 ans\u00f6kningsformul\u00e4ret senast den <span>29.4.2026<\/span> kl. 15.00.<\/li>\n<\/ul>\n<p><strong>Annan examen<\/strong><\/p>\n<ul>\n<li><em>S\u00f6kande som avlagt yrkesh\u00f6gskole- eller universitetsexamen:\u00a0<\/em>Om du inte har avlagt en s\u00e5dan examen som n\u00e4mns ovan och som ger allm\u00e4n h\u00f6gskolebeh\u00f6righet, kan du p\u00e5visa din beh\u00f6righet genom en avlagd yrkesh\u00f6gskole- eller universitetsexamen. En kopia av examensbetyget ska bifogas till ans\u00f6kan senast den <span>31.3.2026<\/span> klockan 15:00.<\/li>\n<li><em>S\u00f6kande som avlagt AICE-examen:<\/em>\u00e4ven personer som har avlagt examen f\u00f6r Cambridge Advanced International Certificate of Education (AICE) \u00e4r beh\u00f6riga att ans\u00f6ka. En kopia av examensbetyget ska bifogas till ans\u00f6kan senast den <span>31.3.2026<\/span> klockan 15.00.<\/li>\n<\/ul>\n<p><strong>Utl\u00e4ndsk h\u00f6gskolebeh\u00f6righet<\/strong><\/p>\n<ul>\n<li>Om du har avlagt examen f\u00f6re v\u00e5ren 2026 ladda upp en kopia p\u00e5 examensbetyget senast den <span>31.3.2026<\/span> kl. 15.00 och en \u00f6vers\u00e4ttning p\u00e5 finska, svenska eller engelska (ifall det ursprungliga dokumentet inte \u00e4r p\u00e5 finska, svenska eller engelska).<\/li>\n<li>Om du avl\u00e4gger din examen under ans\u00f6kningsv\u00e5ren, ladda upp en kopia p\u00e5 ditt senaste skolbetyg eller ett intyg \u00f6ver p\u00e5g\u00e5ende studier (som inneh\u00e5ller information om examen som avl\u00e4ggs och ber\u00e4knad utexamineringstid) och en \u00f6vers\u00e4ttning p\u00e5 finska, svenska eller engelska (ifall det ursprungliga dokumentet inte \u00e4r p\u00e5 finska, svenska eller engelska). <em>En kopia p\u00e5 det slutliga examensbetyget och en \u00f6vers\u00e4ttning p\u00e5 finska, svenska eller engelska (ifall det ursprungliga dokumentet \u00e4r p\u00e5 ett annat spr\u00e5k) ska bilagan l\u00e4mnas in till universitetet senast den 9.7.2026 kl. 15.00.<\/em><\/li>\n<\/ul>\n<h4><strong>P\u00e5visande av spr\u00e5kkunskaper<\/strong><\/h4>\n<p><em>P\u00e5visande av kunskaper i finska:<\/em> Den s\u00f6kande ska p\u00e5visa sina kunskaper i finska under ans\u00f6kningstiden eller senast den <span>31.3.2026<\/span> kl. 15.00. L\u00e4s mer <strong><a href=\"https:\/\/www.kauppatieteet.fi\/sv\/ansok\/ansokningsbehorighet\/krav-pa-sprakkunskaper\/\">h\u00e4r<\/a><\/strong>.<\/p>\n<p><em>P\u00e5visande av kunskaper i svenska:<\/em> Den s\u00f6kande ska p\u00e5visa sina kunskaper i svenska under ans\u00f6kningstiden eller senast den <span>31.3.2026<\/span> kl. 15.00. Om den s\u00f6kande i samband med att han eller hon l\u00e4mnar in sin ans\u00f6kan i Studieinfo-tj\u00e4nsten anm\u00e4ler sig till spr\u00e5kprovet som anordnas av en h\u00f6gskola sj\u00e4lv f\u00f6r att p\u00e5visa sina kunskaper i svenska, beh\u00f6ver den s\u00f6kande inte l\u00e4mna in en separat bilaga med resultatet fr\u00e5n spr\u00e5kprovet, eftersom det f\u00e5s automatiskt. L\u00e4s mer <strong><a href=\"https:\/\/www.kauppatieteet.fi\/sv\/ansok\/ansokningsbehorighet\/krav-pa-sprakkunskaper\/#svenska\">h\u00e4r<\/a><\/strong>.<\/p>\n<\/div><\/div><\/div><\/div><\/div><div class=\"vc_col-sm-2 vc_hidden-sm vc_hidden-xs wpb_column vc_column_container\"><div class=\"vc_column-inner\"><div class=\"wpb_wrapper\"><\/div><\/div><\/div><\/div><\/div><\/section>\n","protected":false},"excerpt":{"rendered":"[vc_custom_heading text=\"Anvisningar f\u00f6r ans\u00f6kan\" font_container=\"tag:h1|text_align:left\" use_theme_fonts=\"yes\"]Ans\u00f6kningen till alla h\u00f6gskoleutbildningar sker genom den nationella gemensamma ans\u00f6kan i Studieinfo. Med det antagningssamarbete i ekonomi avses de ans\u00f6kningsm\u00e5l som ing\u00e5r i det antagningssamarbete samt anv\u00e4nder sig av samma urvalskriterier och urvalsprov. Ans\u00f6kningstiden \u00e4r 10.3.2026 kl 8.00 \u2013 24.3.2026 kl 15.00Fyll i ans\u00f6kningsblankettenOm en s\u00f6kande i betygsantagningen inte antas...","protected":false},"author":1,"featured_media":550,"parent":621,"menu_order":1,"comment_status":"closed","ping_status":"closed","template":"","meta":{"footnotes":""},"class_list":["post-627","page","type-page","status-publish","has-post-thumbnail","hentry"],"yoast_head":"<!-- This site is optimized with the Yoast SEO plugin v26.0 - https:\/\/yoast.com\/wordpress\/plugins\/seo\/ -->\n<title>Anvisningar f\u00f6r ans\u00f6kan - Kauppatieteellisen alan valintayhteisty\u00f6<\/title>\n<meta name=\"description\" content=\"Hakuohjeita Kauppatieteellisen alan yhteisvalintaan: Hakulomakkeiden t\u00e4ytt\u00e4minen ja l\u00e4hett\u00e4minen, sek\u00e4 tarvittavat liitteet.\" \/>\n<meta name=\"robots\" content=\"index, follow, max-snippet:-1, max-image-preview:large, max-video-preview:-1\" \/>\n<link rel=\"canonical\" href=\"https:\/\/www.kauppatieteet.fi\/sv\/ansok\/anvisningar-for-ansokan\/\" \/>\n<meta property=\"og:locale\" content=\"sv_SE\" \/>\n<meta property=\"og:type\" content=\"article\" \/>\n<meta property=\"og:title\" content=\"Anvisningar f\u00f6r ans\u00f6kan - Kauppatieteellisen alan valintayhteisty\u00f6\" \/>\n<meta property=\"og:description\" content=\"Hakuohjeita Kauppatieteellisen alan yhteisvalintaan: Hakulomakkeiden t\u00e4ytt\u00e4minen ja l\u00e4hett\u00e4minen, sek\u00e4 tarvittavat liitteet.\" \/>\n<meta property=\"og:url\" content=\"https:\/\/www.kauppatieteet.fi\/sv\/ansok\/anvisningar-for-ansokan\/\" \/>\n<meta property=\"og:site_name\" content=\"Kauppatieteellisen alan valintayhteisty\u00f6\" \/>\n<meta property=\"article:modified_time\" content=\"2025-11-20T08:11:27+00:00\" \/>\n<meta property=\"og:image\" content=\"https:\/\/www.kauppatieteet.fi\/wp-content\/uploads\/opiskelu-kauppatieteellisessa.jpg\" \/>\n\t<meta property=\"og:image:width\" content=\"1920\" \/>\n\t<meta property=\"og:image:height\" content=\"1080\" \/>\n\t<meta property=\"og:image:type\" content=\"image\/jpeg\" \/>\n<meta name=\"twitter:card\" content=\"summary_large_image\" \/>\n<meta name=\"twitter:label1\" content=\"Ber\u00e4knad l\u00e4stid\" \/>\n\t<meta name=\"twitter:data1\" content=\"6 minuter\" \/>\n<script type=\"application\/ld+json\" class=\"yoast-schema-graph\">{\"@context\":\"https:\/\/schema.org\",\"@graph\":[{\"@type\":\"WebPage\",\"@id\":\"https:\/\/www.kauppatieteet.fi\/sv\/ansok\/anvisningar-for-ansokan\/\",\"url\":\"https:\/\/www.kauppatieteet.fi\/sv\/ansok\/anvisningar-for-ansokan\/\",\"name\":\"Anvisningar f\u00f6r ans\u00f6kan - Kauppatieteellisen alan valintayhteisty\u00f6\",\"isPartOf\":{\"@id\":\"https:\/\/www.kauppatieteet.fi\/#website\"},\"primaryImageOfPage\":{\"@id\":\"https:\/\/www.kauppatieteet.fi\/sv\/ansok\/anvisningar-for-ansokan\/#primaryimage\"},\"image\":{\"@id\":\"https:\/\/www.kauppatieteet.fi\/sv\/ansok\/anvisningar-for-ansokan\/#primaryimage\"},\"thumbnailUrl\":\"https:\/\/www.kauppatieteet.fi\/wp-content\/uploads\/opiskelu-kauppatieteellisessa.jpg\",\"datePublished\":\"2020-11-01T12:59:33+00:00\",\"dateModified\":\"2025-11-20T08:11:27+00:00\",\"description\":\"Hakuohjeita Kauppatieteellisen alan yhteisvalintaan: Hakulomakkeiden t\u00e4ytt\u00e4minen ja l\u00e4hett\u00e4minen, sek\u00e4 tarvittavat liitteet.\",\"breadcrumb\":{\"@id\":\"https:\/\/www.kauppatieteet.fi\/sv\/ansok\/anvisningar-for-ansokan\/#breadcrumb\"},\"inLanguage\":\"sv-SE\",\"potentialAction\":[{\"@type\":\"ReadAction\",\"target\":[\"https:\/\/www.kauppatieteet.fi\/sv\/ansok\/anvisningar-for-ansokan\/\"]}]},{\"@type\":\"ImageObject\",\"inLanguage\":\"sv-SE\",\"@id\":\"https:\/\/www.kauppatieteet.fi\/sv\/ansok\/anvisningar-for-ansokan\/#primaryimage\",\"url\":\"https:\/\/www.kauppatieteet.fi\/wp-content\/uploads\/opiskelu-kauppatieteellisessa.jpg\",\"contentUrl\":\"https:\/\/www.kauppatieteet.fi\/wp-content\/uploads\/opiskelu-kauppatieteellisessa.jpg\",\"width\":1920,\"height\":1080},{\"@type\":\"BreadcrumbList\",\"@id\":\"https:\/\/www.kauppatieteet.fi\/sv\/ansok\/anvisningar-for-ansokan\/#breadcrumb\",\"itemListElement\":[{\"@type\":\"ListItem\",\"position\":1,\"name\":\"Home\",\"item\":\"https:\/\/www.kauppatieteet.fi\/sv\/\"},{\"@type\":\"ListItem\",\"position\":2,\"name\":\"Ans\u00f6k\",\"item\":\"https:\/\/www.kauppatieteet.fi\/sv\/ansok\/\"},{\"@type\":\"ListItem\",\"position\":3,\"name\":\"Anvisningar f\u00f6r ans\u00f6kan\"}]},{\"@type\":\"WebSite\",\"@id\":\"https:\/\/www.kauppatieteet.fi\/#website\",\"url\":\"https:\/\/www.kauppatieteet.fi\/\",\"name\":\"Kauppatieteellisen alan valintayhteisty\u00f6\",\"description\":\"Opiskelijaksi kauppatieteelliselle alalle\",\"potentialAction\":[{\"@type\":\"SearchAction\",\"target\":{\"@type\":\"EntryPoint\",\"urlTemplate\":\"https:\/\/www.kauppatieteet.fi\/?s={search_term_string}\"},\"query-input\":{\"@type\":\"PropertyValueSpecification\",\"valueRequired\":true,\"valueName\":\"search_term_string\"}}],\"inLanguage\":\"sv-SE\"}]}<\/script>\n<!-- \/ Yoast SEO plugin. -->","yoast_head_json":{"title":"Anvisningar f\u00f6r ans\u00f6kan - Kauppatieteellisen alan valintayhteisty\u00f6","description":"Hakuohjeita Kauppatieteellisen alan yhteisvalintaan: Hakulomakkeiden t\u00e4ytt\u00e4minen ja l\u00e4hett\u00e4minen, sek\u00e4 tarvittavat liitteet.","robots":{"index":"index","follow":"follow","max-snippet":"max-snippet:-1","max-image-preview":"max-image-preview:large","max-video-preview":"max-video-preview:-1"},"canonical":"https:\/\/www.kauppatieteet.fi\/sv\/ansok\/anvisningar-for-ansokan\/","og_locale":"sv_SE","og_type":"article","og_title":"Anvisningar f\u00f6r ans\u00f6kan - Kauppatieteellisen alan valintayhteisty\u00f6","og_description":"Hakuohjeita Kauppatieteellisen alan yhteisvalintaan: Hakulomakkeiden t\u00e4ytt\u00e4minen ja l\u00e4hett\u00e4minen, sek\u00e4 tarvittavat liitteet.","og_url":"https:\/\/www.kauppatieteet.fi\/sv\/ansok\/anvisningar-for-ansokan\/","og_site_name":"Kauppatieteellisen alan valintayhteisty\u00f6","article_modified_time":"2025-11-20T08:11:27+00:00","og_image":[{"width":1920,"height":1080,"url":"https:\/\/www.kauppatieteet.fi\/wp-content\/uploads\/opiskelu-kauppatieteellisessa.jpg","type":"image\/jpeg"}],"twitter_card":"summary_large_image","twitter_misc":{"Ber\u00e4knad l\u00e4stid":"6 minuter"},"schema":{"@context":"https:\/\/schema.org","@graph":[{"@type":"WebPage","@id":"https:\/\/www.kauppatieteet.fi\/sv\/ansok\/anvisningar-for-ansokan\/","url":"https:\/\/www.kauppatieteet.fi\/sv\/ansok\/anvisningar-for-ansokan\/","name":"Anvisningar f\u00f6r ans\u00f6kan - Kauppatieteellisen alan valintayhteisty\u00f6","isPartOf":{"@id":"https:\/\/www.kauppatieteet.fi\/#website"},"primaryImageOfPage":{"@id":"https:\/\/www.kauppatieteet.fi\/sv\/ansok\/anvisningar-for-ansokan\/#primaryimage"},"image":{"@id":"https:\/\/www.kauppatieteet.fi\/sv\/ansok\/anvisningar-for-ansokan\/#primaryimage"},"thumbnailUrl":"https:\/\/www.kauppatieteet.fi\/wp-content\/uploads\/opiskelu-kauppatieteellisessa.jpg","datePublished":"2020-11-01T12:59:33+00:00","dateModified":"2025-11-20T08:11:27+00:00","description":"Hakuohjeita Kauppatieteellisen alan yhteisvalintaan: Hakulomakkeiden t\u00e4ytt\u00e4minen ja l\u00e4hett\u00e4minen, sek\u00e4 tarvittavat liitteet.","breadcrumb":{"@id":"https:\/\/www.kauppatieteet.fi\/sv\/ansok\/anvisningar-for-ansokan\/#breadcrumb"},"inLanguage":"sv-SE","potentialAction":[{"@type":"ReadAction","target":["https:\/\/www.kauppatieteet.fi\/sv\/ansok\/anvisningar-for-ansokan\/"]}]},{"@type":"ImageObject","inLanguage":"sv-SE","@id":"https:\/\/www.kauppatieteet.fi\/sv\/ansok\/anvisningar-for-ansokan\/#primaryimage","url":"https:\/\/www.kauppatieteet.fi\/wp-content\/uploads\/opiskelu-kauppatieteellisessa.jpg","contentUrl":"https:\/\/www.kauppatieteet.fi\/wp-content\/uploads\/opiskelu-kauppatieteellisessa.jpg","width":1920,"height":1080},{"@type":"BreadcrumbList","@id":"https:\/\/www.kauppatieteet.fi\/sv\/ansok\/anvisningar-for-ansokan\/#breadcrumb","itemListElement":[{"@type":"ListItem","position":1,"name":"Home","item":"https:\/\/www.kauppatieteet.fi\/sv\/"},{"@type":"ListItem","position":2,"name":"Ans\u00f6k","item":"https:\/\/www.kauppatieteet.fi\/sv\/ansok\/"},{"@type":"ListItem","position":3,"name":"Anvisningar f\u00f6r ans\u00f6kan"}]},{"@type":"WebSite","@id":"https:\/\/www.kauppatieteet.fi\/#website","url":"https:\/\/www.kauppatieteet.fi\/","name":"Kauppatieteellisen alan valintayhteisty\u00f6","description":"Opiskelijaksi kauppatieteelliselle alalle","potentialAction":[{"@type":"SearchAction","target":{"@type":"EntryPoint","urlTemplate":"https:\/\/www.kauppatieteet.fi\/?s={search_term_string}"},"query-input":{"@type":"PropertyValueSpecification","valueRequired":true,"valueName":"search_term_string"}}],"inLanguage":"sv-SE"}]}},"_links":{"self":[{"href":"https:\/\/www.kauppatieteet.fi\/sv\/wp-json\/wp\/v2\/pages\/627","targetHints":{"allow":["GET"]}}],"collection":[{"href":"https:\/\/www.kauppatieteet.fi\/sv\/wp-json\/wp\/v2\/pages"}],"about":[{"href":"https:\/\/www.kauppatieteet.fi\/sv\/wp-json\/wp\/v2\/types\/page"}],"author":[{"embeddable":true,"href":"https:\/\/www.kauppatieteet.fi\/sv\/wp-json\/wp\/v2\/users\/1"}],"replies":[{"embeddable":true,"href":"https:\/\/www.kauppatieteet.fi\/sv\/wp-json\/wp\/v2\/comments?post=627"}],"version-history":[{"count":74,"href":"https:\/\/www.kauppatieteet.fi\/sv\/wp-json\/wp\/v2\/pages\/627\/revisions"}],"predecessor-version":[{"id":2139,"href":"https:\/\/www.kauppatieteet.fi\/sv\/wp-json\/wp\/v2\/pages\/627\/revisions\/2139"}],"up":[{"embeddable":true,"href":"https:\/\/www.kauppatieteet.fi\/sv\/wp-json\/wp\/v2\/pages\/621"}],"wp:featuredmedia":[{"embeddable":true,"href":"https:\/\/www.kauppatieteet.fi\/sv\/wp-json\/wp\/v2\/media\/550"}],"wp:attachment":[{"href":"https:\/\/www.kauppatieteet.fi\/sv\/wp-json\/wp\/v2\/media?parent=627"}],"curies":[{"name":"wp","href":"https:\/\/api.w.org\/{rel}","templated":true}]}}