{"id":805,"date":"2021-01-26T12:15:04","date_gmt":"2021-01-26T12:15:04","guid":{"rendered":"http:\/\/www.kauppatieteet.fi\/ansok\/ansokningsbehorighet\/kielitaidon-osoittaminen\/"},"modified":"2025-11-05T12:04:32","modified_gmt":"2025-11-05T12:04:32","slug":"krav-pa-sprakkunskaper","status":"publish","type":"page","link":"https:\/\/www.kauppatieteet.fi\/sv\/ansok\/ansokningsbehorighet\/krav-pa-sprakkunskaper\/","title":{"rendered":"Krav p\u00e5 spr\u00e5kkunskaper"},"content":{"rendered":"<section class=\"l-section wpb_row us_custom_0f88a2dc height_medium\" id=\"finska\"><div class=\"l-section-h i-cf\"><div class=\"g-cols vc_row via_flex valign_top type_default stacking_default\"><div class=\"vc_col-sm-2 vc_hidden-sm vc_hidden-xs wpb_column vc_column_container\"><div class=\"vc_column-inner\"><div class=\"wpb_wrapper\"><\/div><\/div><\/div><div class=\"vc_col-sm-12 vc_col-lg-8 vc_col-md-8 wpb_column vc_column_container\"><div class=\"vc_column-inner\"><div class=\"wpb_wrapper\">[vc_custom_heading text=&#8221;Krav p\u00e5 spr\u00e5kkunskaper&#8221; font_container=&#8221;tag:h1|text_align:left&#8221; use_theme_fonts=&#8221;yes&#8221;][vc_custom_heading text=&#8221;P\u00e5visande av kunskaper i finska, n\u00e5got av f\u00f6ljande:&#8221; font_container=&#8221;tag:h3|text_align:left&#8221; use_theme_fonts=&#8221;yes&#8221;]<div class=\"wpb_text_column\"><div class=\"wpb_wrapper\"><p><strong>Grundl\u00e4ggande utbildning, utbildning p\u00e5 andra stadiet och utbildning som ger h\u00f6gskolebeh\u00f6righet<\/strong><\/p>\n<ul>\n<li><span style=\"text-decoration: line-through;\"> <\/span>Grundl\u00e4ggande utbildning, utbildning p\u00e5 andra stadiet eller annan utbildning som genomf\u00f6rts p\u00e5 finska och som ger h\u00f6gskolebeh\u00f6righet eller godk\u00e4nt vitsord i finska spr\u00e5ket som modersm\u00e5l och litteratur eller i finska som andraspr\u00e5k och litteratur i avg\u00e5ngsbetyg i studier enligt lagen om grundl\u00e4ggande utbildning (628\/1998) eller gymnasielagen (629\/1998; 714\/2018) eller motsvarande studier.<span style=\"text-decoration: line-through;\"><\/span>\n<ul>\n<li>Avg\u00e5ngsbetyg fr\u00e5n grundskola eller gymnasium avlagd p\u00e5 finska eller i avg\u00e5ngsbetyget fr\u00e5n grundskola eller gymnasium godk\u00e4nt vitsord i l\u00e4ro\u00e4mnet modersm\u00e5l och litteratur endera l\u00e4rokursen finska och litteratur eller l\u00e4rokursen finska som andraspr\u00e5k och litteratur.<\/li>\n<li>Studentexamen d\u00e4r undervisningsspr\u00e5ket \u00e4r finska.<\/li>\n<li>Yrkesinriktad grundexamen p\u00e5 finska.<\/li>\n<li>Yrkes- eller specialyrkesexamen avlagd p\u00e5 finska .<\/li>\n<li>En annan examen fr\u00e5n andra stadiet p\u00e5 finska som ger h\u00f6gskolebeh\u00f6righet.<\/li>\n<li>H\u00f6gskoleexamen med finska som undervisningsspr\u00e5k.<\/li>\n<\/ul>\n<\/li>\n<li>En godk\u00e4nd s\u00e4rskild examen enligt 23 \u00a7 i grundskolef\u00f6rordningen (852\/1998), d\u00e4r den s\u00f6kande har visat att hen har kunskaper och f\u00e4rdigheter som motsvarar l\u00e4rostoffet i grundskolan, antingen i l\u00e4ro\u00e4mnet finska och litteratur eller i l\u00e4ro\u00e4mnet finska som andraspr\u00e5k och litteratur.<\/li>\n<\/ul>\n<p><em>Spr\u00e5kkunskaper kan visas ocks\u00e5 p\u00e5 f\u00f6ljande s\u00e4tt utan att avl\u00e4gga hela studentexamen: <\/em><\/p>\n<ul>\n<li><span style=\"text-decoration: line-through;\"> <\/span>Prov i modersm\u00e5l och litteratur (finska) i den finl\u00e4ndska studentexamen eller prov i finska som andraspr\u00e5k och litteratur med minst vitsordet approbatur (A).<span style=\"text-decoration: line-through;\"><\/span><\/li>\n<li>Prov i l\u00e5ng l\u00e4rokurs i finska i den finl\u00e4ndska studentexamen med minst vitsordet eximia cum laude approbatur (E).<\/li>\n<li>Prov i medell\u00e5ng l\u00e4rokurs i finska i den finl\u00e4ndska studentexamen med vitsordet laudatur (L).<\/li>\n<\/ul>\n<p><strong>Internationella studentexamina <\/strong><\/p>\n<p><em>Spr\u00e5kkunskaper kan visas ocks\u00e5 p\u00e5 f\u00f6ljande s\u00e4tt utan att avl\u00e4gga hela studentexamen:<\/em><\/p>\n<ul>\n<li>IB-examen finska p\u00e5 A-niv\u00e5, A1-niv\u00e5 eller A2-niv\u00e5 med vitsordet 2 eller h\u00f6gre eller finska p\u00e5 B-niv\u00e5 med vitsordet 5 eller h\u00f6gre.<\/li>\n<li>EB-examen ett godk\u00e4nt vitsord i finska som L1-spr\u00e5k eller L2-spr\u00e5ket (vitsordet 4 eller h\u00f6gre i EB-examen avlagd f\u00f6re \u00e5r 2020; vitsordet 5 eller h\u00f6gre EB-examen avlagd \u00e5r 2021 eller senare) eller vitsordet 8 eller h\u00f6gre i finska som ONL-spr\u00e5k.<\/li>\n<li>RP- eller DIA-examen i Tyska skolan i Helsingfors, n\u00e5got av f\u00f6ljande ett godk\u00e4nt vitsord (vitsordet 4) i det skriftliga provet i finska som modersm\u00e5l eller finska som andra spr\u00e5k (CEFR-niv\u00e5 B2) med vitsordet 8 eller h\u00f6gre.<\/li>\n<\/ul>\n<p><strong>Spr\u00e5kexamina och -prov<\/strong><\/p>\n<ul>\n<li>Allm\u00e4n spr\u00e5kexamen (YKI): utbildningsstyrelsens allm\u00e4nna spr\u00e5kexamen p\u00e5 mellanniv\u00e5 avlagd p\u00e5 f\u00e4rdighetsniv\u00e5 4 i alla delprov (textf\u00f6rst\u00e5else, skrivning, talf\u00f6rst\u00e5else och tal). Alternativt minst tre godk\u00e4nda delprov av provet p\u00e5 den h\u00f6gsta niv\u00e5n (f\u00e4rdighetsniv\u00e5 5 och 6). Olika examenstillf\u00e4llen kan kombineras.<\/li>\n<li>Spr\u00e5kexamen f\u00f6r statsf\u00f6rvaltningen (VKT) avlagd med goda kunskaper betr\u00e4ffande f\u00f6rm\u00e5gan att anv\u00e4nda spr\u00e5ket i tal och skrift.<\/li>\n<li>Kombination av Allm\u00e4n spr\u00e5kexamen och Spr\u00e5kexamen f\u00f6r statsf\u00f6rvaltningen: Delprov f\u00f6r textf\u00f6rst\u00e5else och skrivning i Allm\u00e4n spr\u00e5kexamen har utf\u00f6rts p\u00e5 f\u00e4rdighetsniv\u00e5 4 och den muntliga delen i Spr\u00e5kexamen f\u00f6r statsf\u00f6rvaltningen har utf\u00f6rts med vitsordet god ELLER delproven i talf\u00f6rst\u00e5else och tal i Allm\u00e4n spr\u00e5kexamen har utf\u00f6rts p\u00e5 f\u00e4rdighetsniv\u00e5 4 och den skriftliga delen i Spr\u00e5kexamen f\u00f6r statsf\u00f6rvaltningen har utf\u00f6rts med vitsordet god.<\/li>\n<\/ul>\n<p><strong>H<\/strong><strong>\u00f6gskolestudier<\/strong><\/p>\n<p><em>Spr\u00e5kkunskaper kan visas ocks\u00e5 p\u00e5 f\u00f6ljande s\u00e4tt utan att avl\u00e4gga hela h\u00f6gskoleexamen:<\/em><\/p>\n<ul>\n<li>Den s\u00f6kande har gjort ett skriftligt l\u00e4rdomsprov p\u00e5 minst l\u00e4gre h\u00f6gskoleexamensniv\u00e5 p\u00e5 finska vid en finl\u00e4ndsk eller utl\u00e4ndsk h\u00f6gskola.<\/li>\n<li>Den s\u00f6kande har avlagt studier i finska spr\u00e5ket (eller motsvarande) omfattande 60 sp\/35 sv eller mer vid en finl\u00e4ndsk eller utl\u00e4ndsk h\u00f6gskola.<\/li>\n<li>Den s\u00f6kande har avlagt ett godk\u00e4nt mognadsprov p\u00e5 finska vid en finl\u00e4ndsk h\u00f6gskola.<\/li>\n<li>Den s\u00f6kande har avlagt ett spr\u00e5kprov eller spr\u00e5kstudier vid en finl\u00e4ndsk h\u00f6gskolan, som p\u00e5visar minst goda muntliga och skriftliga kunskaper i finska (som det andra inhemska spr\u00e5ket).<\/li>\n<\/ul>\n<\/div><\/div><\/div><\/div><\/div><div class=\"vc_col-sm-2 vc_hidden-sm vc_hidden-xs wpb_column vc_column_container\"><div class=\"vc_column-inner\"><div class=\"wpb_wrapper\"><\/div><\/div><\/div><\/div><\/div><\/section><section class=\"l-section wpb_row us_custom_0f88a2dc height_medium color_alternate\" id=\"svenska\"><div class=\"l-section-h i-cf\"><div class=\"g-cols vc_row via_flex valign_top type_default stacking_default\"><div class=\"vc_col-sm-2 vc_hidden-sm vc_hidden-xs wpb_column vc_column_container\"><div class=\"vc_column-inner\"><div class=\"wpb_wrapper\"><\/div><\/div><\/div><div class=\"vc_col-sm-12 vc_col-lg-8 vc_col-md-8 wpb_column vc_column_container\"><div class=\"vc_column-inner\"><div class=\"wpb_wrapper\">[vc_custom_heading text=&#8221;P\u00e5visande av kunskaper i svenska, n\u00e5got av f\u00f6ljande:&#8221; font_container=&#8221;tag:h3|text_align:left&#8221; use_theme_fonts=&#8221;yes&#8221;]<div class=\"wpb_text_column\"><div class=\"wpb_wrapper\"><p><strong>Grundl\u00e4ggande utbildning, utbildning p\u00e5 andra stadiet och utbildning som ger h\u00f6gskolebeh\u00f6righet<\/strong><\/p>\n<ul>\n<li>Grundl\u00e4ggande utbildning, utbildning p\u00e5 andra stadiet eller annan utbildning som genomf\u00f6rts p\u00e5 svenska och som ger h\u00f6gskolebeh\u00f6righet eller godk\u00e4nt vitsord i svenska spr\u00e5ket som modersm\u00e5l och litteratur eller i svenska som andraspr\u00e5k och litteratur i avg\u00e5ngsbetyg i studier enligt lagen om grundl\u00e4ggande utbildning (628\/1998) eller gymnasielagen (629\/1998; 714\/2018) eller motsvarande studier.\n<ul>\n<li>Studentexamen d\u00e4r undervisningsspr\u00e5ket \u00e4r svenska.<\/li>\n<li>Avg\u00e5ngsbetyg fr\u00e5n grundskola eller gymnasium avlagd p\u00e5 svenska eller i avg\u00e5ngsbetyget fr\u00e5n grundskola eller gymnasium godk\u00e4nt vitsord i l\u00e4ro\u00e4mnet modersm\u00e5l och litteratur endera l\u00e4rokursen svenska och litteratur eller l\u00e4rokursen svenska som andraspr\u00e5k och litteratur.<\/li>\n<li>Yrkesinriktad grundexamen p\u00e5 svenska.<\/li>\n<li>Yrkes- eller specialyrkesexamen avlagd p\u00e5 svenska.<\/li>\n<li>En annan examen fr\u00e5n andra stadiet p\u00e5 svenska som ger h\u00f6gskolebeh\u00f6righet.<\/li>\n<li>H\u00f6gskoleexamen med svenska som undervisningsspr\u00e5k.<\/li>\n<\/ul>\n<\/li>\n<li>En godk\u00e4nd s\u00e4rskild examen enligt 23 \u00a7 i grundskolef\u00f6rordningen (852\/1998), d\u00e4r den s\u00f6kande har visat att hen har kunskaper och f\u00e4rdigheter som motsvarar l\u00e4rostoffet i grundskolan, antingen i l\u00e4ro\u00e4mnet svenska och litteratur eller i l\u00e4ro\u00e4mnet svenska som andraspr\u00e5k och litteratur.<\/li>\n<\/ul>\n<p><em>Spr\u00e5kkunskaper kan visas ocks\u00e5 p\u00e5 f\u00f6ljande s\u00e4tt utan att avl\u00e4gga hela studentexamen:<\/em><\/p>\n<ul>\n<li><span style=\"text-decoration: line-through;\"> <\/span>Prov i modersm\u00e5l och litteratur (svenska) i den finl\u00e4ndska studentexamen eller prov i svenska som andraspr\u00e5k och litteratur med minst vitsordet approbatur (A) <span style=\"text-decoration: line-through;\"><\/span><\/li>\n<li><span style=\"text-decoration: line-through;\"> <\/span>Prov i l\u00e5ng l\u00e4rokurs i svenska i den finl\u00e4ndska studentexamen med minst vitsordet eximia cum laude approbatur (E)<span style=\"text-decoration: line-through;\"><\/span><\/li>\n<li><span style=\"text-decoration: line-through;\"> <\/span>Prov i medell\u00e5ng l\u00e4rokurs i svenska i den finl\u00e4ndska studentexamen med vitsordet laudatur (L)<span style=\"text-decoration: line-through;\"><\/span><\/li>\n<\/ul>\n<p><strong>Internationella studentexamina<br \/>\n<\/strong><em>Spr\u00e5kkunskaper kan visas ocks\u00e5 p\u00e5 f\u00f6ljande s\u00e4tt utan att avl\u00e4gga hela studentexamen:<\/em><\/p>\n<ul>\n<li>IB-examen svenska p\u00e5 A-niv\u00e5, A1-niv\u00e5 eller A2-niv\u00e5 med vitsordet 2 eller h\u00f6gre eller svenska p\u00e5 B-niv\u00e5 med vitsordet 5 eller h\u00f6gre.<\/li>\n<li>EB-examen ett godk\u00e4nt vitsord i svenska som L1-spr\u00e5k eller L2-spr\u00e5ket (vitsordet 4 eller h\u00f6gre i EB-examen avlagd f\u00f6re \u00e5r 2021; vitsordet 5 eller h\u00f6gre EB-examen avlagd \u00e5r 2021 eller senare) eller vitsordet 8 eller h\u00f6gre i svenska som ONL-spr\u00e5k.<\/li>\n<li>RP- eller DIA-examen ett godk\u00e4nt vitsord (vitsordet 4) i det skriftliga provet i svenska som modersm\u00e5l.<\/li>\n<\/ul>\n<p><strong>Spr\u00e5kexamina och -prov<\/strong><\/p>\n<ul>\n<li>Allm\u00e4n spr\u00e5kexamen (YKI): utbildningsstyrelsens allm\u00e4nna spr\u00e5kexamen p\u00e5 mellanniv\u00e5 avlagd p\u00e5 f\u00e4rdighetsniv\u00e5 4 i alla delprov (textf\u00f6rst\u00e5else, skrivning, talf\u00f6rst\u00e5else och tal). Alternativt minst tre godk\u00e4nda delprov av provet p\u00e5 den h\u00f6gsta niv\u00e5n (f\u00e4rdighetsniv\u00e5 5 och 6). Olika examenstillf\u00e4llen kan kombineras.<\/li>\n<li>Spr\u00e5kexamen f\u00f6r statsf\u00f6rvaltningen (VKT) avlagd med goda kunskaper betr\u00e4ffande f\u00f6rm\u00e5gan att anv\u00e4nda spr\u00e5ket i tal och skrift.<\/li>\n<li>Kombination av Allm\u00e4n spr\u00e5kexamen och Spr\u00e5kexamen f\u00f6r statsf\u00f6rvaltningen: Delproven i textf\u00f6rst\u00e5else och skrivning i Allm\u00e4n spr\u00e5kexamen har utf\u00f6rts p\u00e5 f\u00e4rdighetsniv\u00e5 4 och den muntliga delen i Spr\u00e5kexamen f\u00f6r statsf\u00f6rvaltningen har utf\u00f6rts med vitsordet god ELLER delproven i talf\u00f6rst\u00e5else och tal i Allm\u00e4n spr\u00e5kexamen har utf\u00f6rts p\u00e5 f\u00e4rdighetsniv\u00e5 4 och den skriftliga delen i Spr\u00e5kexamen f\u00f6r statsf\u00f6rvaltningen har utf\u00f6rts med vitsordet god.<\/li>\n<li>Godk\u00e4nt vitsord i TISUS-provet (Test i svenska f\u00f6r universitetsstudier). Alla delomr\u00e5den i provet ska vara godk\u00e4nda.<\/li>\n<li>Godk\u00e4nt resultat i spr\u00e5kprov som anordnas av en finl\u00e4ndsk h\u00f6gskola sj\u00e4lv och som m\u00e4ter att den s\u00f6kande har spr\u00e5kkunskaper i svenska som motsvarar minst niv\u00e5 B2 (g\u00e4ller i 5 \u00e5r efter prestationen).<\/li>\n<\/ul>\n<p><strong>H<\/strong><strong>\u00f6gskolestudier<\/strong><\/p>\n<p><em>Spr\u00e5kkunskaper kan visas ocks\u00e5 p\u00e5 f\u00f6ljande s\u00e4tt utan att avl\u00e4gga hela h\u00f6gskoleexamen:<\/em><\/p>\n<ul>\n<li>Den s\u00f6kande har gjort ett skriftligt examensarbete p\u00e5 minst l\u00e4gre h\u00f6gskoleexamensniv\u00e5 p\u00e5 svenska vid en finl\u00e4ndsk eller utl\u00e4ndsk h\u00f6gskola.<\/li>\n<li>Den s\u00f6kande har avlagt studier i l\u00e4ro\u00e4mnet svenska spr\u00e5ket (eller motsvarande) omfattande 60 sp\/35 sv eller mer vid en finl\u00e4ndsk eller utl\u00e4ndsk h\u00f6gskola.<\/li>\n<li>Den s\u00f6kande har avlagt ett godk\u00e4nt mognadsprov p\u00e5 svenska vid en finl\u00e4ndsk h\u00f6gskola.<\/li>\n<\/ul>\n<\/div><\/div><\/div><\/div><\/div><div class=\"vc_col-sm-2 vc_hidden-sm vc_hidden-xs wpb_column vc_column_container\"><div class=\"vc_column-inner\"><div class=\"wpb_wrapper\"><\/div><\/div><\/div><\/div><\/div><\/section>\n","protected":false},"excerpt":{"rendered":"[vc_custom_heading text=\"Krav p\u00e5 spr\u00e5kkunskaper\" font_container=\"tag:h1|text_align:left\" use_theme_fonts=\"yes\"][vc_custom_heading text=\"P\u00e5visande av kunskaper i finska, n\u00e5got av f\u00f6ljande:\" font_container=\"tag:h3|text_align:left\" use_theme_fonts=\"yes\"]Grundl\u00e4ggande utbildning, utbildning p\u00e5 andra stadiet och utbildning som ger h\u00f6gskolebeh\u00f6righet Grundl\u00e4ggande utbildning, utbildning p\u00e5 andra stadiet eller annan utbildning som genomf\u00f6rts p\u00e5 finska och som ger h\u00f6gskolebeh\u00f6righet eller godk\u00e4nt vitsord i finska spr\u00e5ket som modersm\u00e5l och litteratur eller i...","protected":false},"author":1,"featured_media":571,"parent":639,"menu_order":0,"comment_status":"closed","ping_status":"closed","template":"","meta":{"footnotes":""},"class_list":["post-805","page","type-page","status-publish","has-post-thumbnail","hentry"],"yoast_head":"<!-- This site is optimized with the Yoast SEO plugin v26.0 - https:\/\/yoast.com\/wordpress\/plugins\/seo\/ -->\n<title>Krav p\u00e5 spr\u00e5kkunskaper - Kauppatieteellisen alan valintayhteisty\u00f6<\/title>\n<meta name=\"robots\" content=\"index, follow, max-snippet:-1, max-image-preview:large, max-video-preview:-1\" \/>\n<link rel=\"canonical\" href=\"https:\/\/www.kauppatieteet.fi\/sv\/ansok\/ansokningsbehorighet\/krav-pa-sprakkunskaper\/\" \/>\n<meta property=\"og:locale\" content=\"sv_SE\" \/>\n<meta property=\"og:type\" content=\"article\" \/>\n<meta property=\"og:title\" content=\"Krav p\u00e5 spr\u00e5kkunskaper - Kauppatieteellisen alan valintayhteisty\u00f6\" \/>\n<meta property=\"og:url\" content=\"https:\/\/www.kauppatieteet.fi\/sv\/ansok\/ansokningsbehorighet\/krav-pa-sprakkunskaper\/\" \/>\n<meta property=\"og:site_name\" content=\"Kauppatieteellisen alan valintayhteisty\u00f6\" \/>\n<meta property=\"article:modified_time\" content=\"2025-11-05T12:04:32+00:00\" \/>\n<meta property=\"og:image\" content=\"https:\/\/www.kauppatieteet.fi\/wp-content\/uploads\/ajankohtaista.jpg\" \/>\n\t<meta property=\"og:image:width\" content=\"1920\" \/>\n\t<meta property=\"og:image:height\" content=\"1080\" \/>\n\t<meta property=\"og:image:type\" content=\"image\/jpeg\" \/>\n<meta name=\"twitter:card\" content=\"summary_large_image\" \/>\n<meta name=\"twitter:label1\" content=\"Ber\u00e4knad l\u00e4stid\" \/>\n\t<meta name=\"twitter:data1\" content=\"8 minuter\" \/>\n<script type=\"application\/ld+json\" class=\"yoast-schema-graph\">{\"@context\":\"https:\/\/schema.org\",\"@graph\":[{\"@type\":\"WebPage\",\"@id\":\"https:\/\/www.kauppatieteet.fi\/sv\/ansok\/ansokningsbehorighet\/krav-pa-sprakkunskaper\/\",\"url\":\"https:\/\/www.kauppatieteet.fi\/sv\/ansok\/ansokningsbehorighet\/krav-pa-sprakkunskaper\/\",\"name\":\"Krav p\u00e5 spr\u00e5kkunskaper - Kauppatieteellisen alan valintayhteisty\u00f6\",\"isPartOf\":{\"@id\":\"https:\/\/www.kauppatieteet.fi\/#website\"},\"primaryImageOfPage\":{\"@id\":\"https:\/\/www.kauppatieteet.fi\/sv\/ansok\/ansokningsbehorighet\/krav-pa-sprakkunskaper\/#primaryimage\"},\"image\":{\"@id\":\"https:\/\/www.kauppatieteet.fi\/sv\/ansok\/ansokningsbehorighet\/krav-pa-sprakkunskaper\/#primaryimage\"},\"thumbnailUrl\":\"https:\/\/www.kauppatieteet.fi\/wp-content\/uploads\/ajankohtaista.jpg\",\"datePublished\":\"2021-01-26T12:15:04+00:00\",\"dateModified\":\"2025-11-05T12:04:32+00:00\",\"breadcrumb\":{\"@id\":\"https:\/\/www.kauppatieteet.fi\/sv\/ansok\/ansokningsbehorighet\/krav-pa-sprakkunskaper\/#breadcrumb\"},\"inLanguage\":\"sv-SE\",\"potentialAction\":[{\"@type\":\"ReadAction\",\"target\":[\"https:\/\/www.kauppatieteet.fi\/sv\/ansok\/ansokningsbehorighet\/krav-pa-sprakkunskaper\/\"]}]},{\"@type\":\"ImageObject\",\"inLanguage\":\"sv-SE\",\"@id\":\"https:\/\/www.kauppatieteet.fi\/sv\/ansok\/ansokningsbehorighet\/krav-pa-sprakkunskaper\/#primaryimage\",\"url\":\"https:\/\/www.kauppatieteet.fi\/wp-content\/uploads\/ajankohtaista.jpg\",\"contentUrl\":\"https:\/\/www.kauppatieteet.fi\/wp-content\/uploads\/ajankohtaista.jpg\",\"width\":1920,\"height\":1080},{\"@type\":\"BreadcrumbList\",\"@id\":\"https:\/\/www.kauppatieteet.fi\/sv\/ansok\/ansokningsbehorighet\/krav-pa-sprakkunskaper\/#breadcrumb\",\"itemListElement\":[{\"@type\":\"ListItem\",\"position\":1,\"name\":\"Home\",\"item\":\"https:\/\/www.kauppatieteet.fi\/sv\/\"},{\"@type\":\"ListItem\",\"position\":2,\"name\":\"Ans\u00f6k\",\"item\":\"https:\/\/www.kauppatieteet.fi\/sv\/ansok\/\"},{\"@type\":\"ListItem\",\"position\":3,\"name\":\"Ans\u00f6kningsbeh\u00f6righet\",\"item\":\"https:\/\/www.kauppatieteet.fi\/sv\/ansok\/ansokningsbehorighet\/\"},{\"@type\":\"ListItem\",\"position\":4,\"name\":\"Krav p\u00e5 spr\u00e5kkunskaper\"}]},{\"@type\":\"WebSite\",\"@id\":\"https:\/\/www.kauppatieteet.fi\/#website\",\"url\":\"https:\/\/www.kauppatieteet.fi\/\",\"name\":\"Kauppatieteellisen alan valintayhteisty\u00f6\",\"description\":\"Opiskelijaksi kauppatieteelliselle alalle\",\"potentialAction\":[{\"@type\":\"SearchAction\",\"target\":{\"@type\":\"EntryPoint\",\"urlTemplate\":\"https:\/\/www.kauppatieteet.fi\/?s={search_term_string}\"},\"query-input\":{\"@type\":\"PropertyValueSpecification\",\"valueRequired\":true,\"valueName\":\"search_term_string\"}}],\"inLanguage\":\"sv-SE\"}]}<\/script>\n<!-- \/ Yoast SEO plugin. -->","yoast_head_json":{"title":"Krav p\u00e5 spr\u00e5kkunskaper - Kauppatieteellisen alan valintayhteisty\u00f6","robots":{"index":"index","follow":"follow","max-snippet":"max-snippet:-1","max-image-preview":"max-image-preview:large","max-video-preview":"max-video-preview:-1"},"canonical":"https:\/\/www.kauppatieteet.fi\/sv\/ansok\/ansokningsbehorighet\/krav-pa-sprakkunskaper\/","og_locale":"sv_SE","og_type":"article","og_title":"Krav p\u00e5 spr\u00e5kkunskaper - Kauppatieteellisen alan valintayhteisty\u00f6","og_url":"https:\/\/www.kauppatieteet.fi\/sv\/ansok\/ansokningsbehorighet\/krav-pa-sprakkunskaper\/","og_site_name":"Kauppatieteellisen alan valintayhteisty\u00f6","article_modified_time":"2025-11-05T12:04:32+00:00","og_image":[{"width":1920,"height":1080,"url":"https:\/\/www.kauppatieteet.fi\/wp-content\/uploads\/ajankohtaista.jpg","type":"image\/jpeg"}],"twitter_card":"summary_large_image","twitter_misc":{"Ber\u00e4knad l\u00e4stid":"8 minuter"},"schema":{"@context":"https:\/\/schema.org","@graph":[{"@type":"WebPage","@id":"https:\/\/www.kauppatieteet.fi\/sv\/ansok\/ansokningsbehorighet\/krav-pa-sprakkunskaper\/","url":"https:\/\/www.kauppatieteet.fi\/sv\/ansok\/ansokningsbehorighet\/krav-pa-sprakkunskaper\/","name":"Krav p\u00e5 spr\u00e5kkunskaper - Kauppatieteellisen alan valintayhteisty\u00f6","isPartOf":{"@id":"https:\/\/www.kauppatieteet.fi\/#website"},"primaryImageOfPage":{"@id":"https:\/\/www.kauppatieteet.fi\/sv\/ansok\/ansokningsbehorighet\/krav-pa-sprakkunskaper\/#primaryimage"},"image":{"@id":"https:\/\/www.kauppatieteet.fi\/sv\/ansok\/ansokningsbehorighet\/krav-pa-sprakkunskaper\/#primaryimage"},"thumbnailUrl":"https:\/\/www.kauppatieteet.fi\/wp-content\/uploads\/ajankohtaista.jpg","datePublished":"2021-01-26T12:15:04+00:00","dateModified":"2025-11-05T12:04:32+00:00","breadcrumb":{"@id":"https:\/\/www.kauppatieteet.fi\/sv\/ansok\/ansokningsbehorighet\/krav-pa-sprakkunskaper\/#breadcrumb"},"inLanguage":"sv-SE","potentialAction":[{"@type":"ReadAction","target":["https:\/\/www.kauppatieteet.fi\/sv\/ansok\/ansokningsbehorighet\/krav-pa-sprakkunskaper\/"]}]},{"@type":"ImageObject","inLanguage":"sv-SE","@id":"https:\/\/www.kauppatieteet.fi\/sv\/ansok\/ansokningsbehorighet\/krav-pa-sprakkunskaper\/#primaryimage","url":"https:\/\/www.kauppatieteet.fi\/wp-content\/uploads\/ajankohtaista.jpg","contentUrl":"https:\/\/www.kauppatieteet.fi\/wp-content\/uploads\/ajankohtaista.jpg","width":1920,"height":1080},{"@type":"BreadcrumbList","@id":"https:\/\/www.kauppatieteet.fi\/sv\/ansok\/ansokningsbehorighet\/krav-pa-sprakkunskaper\/#breadcrumb","itemListElement":[{"@type":"ListItem","position":1,"name":"Home","item":"https:\/\/www.kauppatieteet.fi\/sv\/"},{"@type":"ListItem","position":2,"name":"Ans\u00f6k","item":"https:\/\/www.kauppatieteet.fi\/sv\/ansok\/"},{"@type":"ListItem","position":3,"name":"Ans\u00f6kningsbeh\u00f6righet","item":"https:\/\/www.kauppatieteet.fi\/sv\/ansok\/ansokningsbehorighet\/"},{"@type":"ListItem","position":4,"name":"Krav p\u00e5 spr\u00e5kkunskaper"}]},{"@type":"WebSite","@id":"https:\/\/www.kauppatieteet.fi\/#website","url":"https:\/\/www.kauppatieteet.fi\/","name":"Kauppatieteellisen alan valintayhteisty\u00f6","description":"Opiskelijaksi kauppatieteelliselle alalle","potentialAction":[{"@type":"SearchAction","target":{"@type":"EntryPoint","urlTemplate":"https:\/\/www.kauppatieteet.fi\/?s={search_term_string}"},"query-input":{"@type":"PropertyValueSpecification","valueRequired":true,"valueName":"search_term_string"}}],"inLanguage":"sv-SE"}]}},"_links":{"self":[{"href":"https:\/\/www.kauppatieteet.fi\/sv\/wp-json\/wp\/v2\/pages\/805","targetHints":{"allow":["GET"]}}],"collection":[{"href":"https:\/\/www.kauppatieteet.fi\/sv\/wp-json\/wp\/v2\/pages"}],"about":[{"href":"https:\/\/www.kauppatieteet.fi\/sv\/wp-json\/wp\/v2\/types\/page"}],"author":[{"embeddable":true,"href":"https:\/\/www.kauppatieteet.fi\/sv\/wp-json\/wp\/v2\/users\/1"}],"replies":[{"embeddable":true,"href":"https:\/\/www.kauppatieteet.fi\/sv\/wp-json\/wp\/v2\/comments?post=805"}],"version-history":[{"count":21,"href":"https:\/\/www.kauppatieteet.fi\/sv\/wp-json\/wp\/v2\/pages\/805\/revisions"}],"predecessor-version":[{"id":2107,"href":"https:\/\/www.kauppatieteet.fi\/sv\/wp-json\/wp\/v2\/pages\/805\/revisions\/2107"}],"up":[{"embeddable":true,"href":"https:\/\/www.kauppatieteet.fi\/sv\/wp-json\/wp\/v2\/pages\/639"}],"wp:featuredmedia":[{"embeddable":true,"href":"https:\/\/www.kauppatieteet.fi\/sv\/wp-json\/wp\/v2\/media\/571"}],"wp:attachment":[{"href":"https:\/\/www.kauppatieteet.fi\/sv\/wp-json\/wp\/v2\/media?parent=805"}],"curies":[{"name":"wp","href":"https:\/\/api.w.org\/{rel}","templated":true}]}}